{"id":233,"date":"2025-04-29T12:50:44","date_gmt":"2025-04-29T12:50:44","guid":{"rendered":"https:\/\/sharetheocean.earth\/?page_id=233"},"modified":"2026-03-16T13:28:54","modified_gmt":"2026-03-16T13:28:54","slug":"233-2","status":"publish","type":"page","link":"https:\/\/sharetheocean.earth\/index.php\/233-2\/","title":{"rendered":"LES PUBLICATIONS"},"content":{"rendered":"<p>[et_pb_section fb_built=\u00a0\u00bb1&Prime; _builder_version=\u00a0\u00bb4.23.4&Prime; _module_preset=\u00a0\u00bbdefault\u00a0\u00bb background_color=\u00a0\u00bb#FFFFFF\u00a0\u00bb background_image=\u00a0\u00bbhttps:\/\/sharetheocean.earth\/wp-content\/uploads\/2025\/05\/Ocean-scaled.jpg\u00a0\u00bb background_enable_image=\u00a0\u00bbon\u00a0\u00bb custom_padding=\u00a0\u00bb||0px|||\u00a0\u00bb global_colors_info=\u00a0\u00bb{}\u00a0\u00bb][et_pb_row _builder_version=\u00a0\u00bb4.23.4&Prime; _module_preset=\u00a0\u00bbdefault\u00a0\u00bb custom_margin=\u00a0\u00bb-61px|auto|-13px|auto||\u00a0\u00bb global_colors_info=\u00a0\u00bb{}\u00a0\u00bb][et_pb_column type=\u00a0\u00bb4_4&Prime; _builder_version=\u00a0\u00bb4.23.4&Prime; _module_preset=\u00a0\u00bbdefault\u00a0\u00bb global_colors_info=\u00a0\u00bb{}\u00a0\u00bb][et_pb_text _builder_version=\u00a0\u00bb4.23.4&Prime; _module_preset=\u00a0\u00bbdefault\u00a0\u00bb min_height=\u00a0\u00bb51px\u00a0\u00bb custom_margin=\u00a0\u00bb||-16px|||\u00a0\u00bb custom_padding=\u00a0\u00bb||13px|||\u00a0\u00bb text_text_shadow_style=\u00a0\u00bbpreset1&Prime; global_colors_info=\u00a0\u00bb{}\u00a0\u00bb]<\/p>\n<h1 style=\"text-align: center;\"><span style=\"color: #ffffff;\">Les publications<\/span><\/h1>\n<p>[\/et_pb_text][\/et_pb_column][\/et_pb_row][\/et_pb_section][et_pb_section fb_built=\u00a0\u00bb1&Prime; _builder_version=\u00a0\u00bb4.23.4&Prime; _module_preset=\u00a0\u00bbdefault\u00a0\u00bb custom_padding=\u00a0\u00bb||205px|||\u00a0\u00bb hover_enabled=\u00a0\u00bb0&Prime; global_colors_info=\u00a0\u00bb{}\u00a0\u00bb sticky_enabled=\u00a0\u00bb0&Prime;][et_pb_row _builder_version=\u00a0\u00bb4.23.4&Prime; _module_preset=\u00a0\u00bbdefault\u00a0\u00bb custom_padding=\u00a0\u00bb40px||39px|||\u00a0\u00bb global_colors_info=\u00a0\u00bb{}\u00a0\u00bb][et_pb_column type=\u00a0\u00bb4_4&Prime; _builder_version=\u00a0\u00bb4.23.4&Prime; _module_preset=\u00a0\u00bbdefault\u00a0\u00bb global_colors_info=\u00a0\u00bb{}\u00a0\u00bb][et_pb_text _builder_version=\u00a0\u00bb4.23.4&Prime; _module_preset=\u00a0\u00bbdefault\u00a0\u00bb min_height=\u00a0\u00bb615.6px\u00a0\u00bb custom_padding=\u00a0\u00bb0px||0px|||\u00a0\u00bb global_colors_info=\u00a0\u00bb{}\u00a0\u00bb]<\/p>\n<p style=\"text-align: justify;\"><strong>2026<\/strong><\/p>\n<p style=\"text-align: justify;\"><b><\/b><b>Virgili, A.,<\/b> <strong>Fournier, S., Le Ma\u00eetre, O., Pocheau, M., Ridoux, V., &amp; Ba\u00f1uls, R.<\/strong> (2026).\u00a0Assessing cetacean encounter risk in offshore racing.\u00a0<i>Scientific Reports\u00a016,<\/i> 3921. <u><a href=\"https:\/\/doi.org\/10.1038\/s41598-025-33896-6\">https:\/\/doi.org\/10.1038\/s41598-025-33896-6<\/a><\/u><u>.<\/u><\/p>\n<p style=\"text-align: justify;\"><b>Virgili, A.,<\/b><strong> Houles, L.,<\/strong> Dor\u00e9mus, G., Lambert, C., Laran, S., Spitz, J., &#8230; &amp; <strong>Ridoux, V.<\/strong> (2026). Cetaceans exhibit region-specific habitat preferences across tropical waters.\u00a0<i>Global <\/i><i>Ecology<\/i><i> and <\/i><i>Conservation<\/i>, e04001. <u><a href=\"https:\/\/doi.org\/10.1016\/j.gecco.2025.e04001\">https:\/\/doi.org\/10.1016\/j.gecco.2025.e04001<\/a><\/u><u>.<\/u><\/p>\n<p style=\"text-align: justify;\"><strong>2025<\/strong><\/p>\n<p style=\"text-align: justify;\">Lambert, C., Broderick, A. C., Beton, D., Ca\u00f1adas, A., &#8230; <strong>Virgili, A.,<\/strong> &amp; Gr\u00e9millet, D. (2025). Energyscapes pinpoint marine megafauna feeding hotspots in the Mediterranean. Proceedings of the National Academy of Sciences, 122(6), e2412845122. <a href=\"https:\/\/doi.org\/10.1073\/pnas.2412845122\">https:\/\/doi.org\/10.1073\/pnas.2412845122.<\/a><\/p>\n<p style=\"text-align: justify;\"><strong>Lelong, E.<\/strong> (2025). L&rsquo;int\u00e9r\u00eat \u00e0 agir des surfeurs au nom des vagues : analyse \u00e0 partir du contentieux de l&rsquo;ONG Surfrider Foundation Europe en droit fran\u00e7ais, Revue juridique de l&rsquo;environnement, 2\/2025, pp. 307-314.<\/p>\n<p style=\"text-align: justify;\"><b style=\"font-size: 16px;\">Lelong, E. <\/b>(2025).<span style=\"font-size: 16px;\"> \u201cThe conceptualization of a legal status for marine environment through the evolution of terminology\u201d, <\/span><i style=\"font-size: 16px;\">In<\/i><span style=\"font-size: 16px;\"> M. C. Lavissiere, A. Cartron, L. Gautier (eds.), <\/span><i style=\"font-size: 16px;\">Legal Language and the Sea<\/i><span style=\"font-size: 16px;\">, De Gruyter Mouton, pp. 41-64 . Doi : <\/span><a href=\"https:\/\/doi.org\/10.1515\/9783111332543-003\" style=\"font-size: 16px;\">10.1515\/9783111332543-003.<\/a><\/p>\n<p style=\"text-align: justify;\"><b style=\"font-size: 16px;\">Lelong<\/b><b style=\"font-size: 16px;\">, E. <\/b>(2025).<span style=\"font-size: 16px;\"> \u00ab L\u2019int\u00e9r\u00eat \u00e0 agir des surfeurs au nom de la d\u00e9fense des vagues : analyse \u00e0 partir du contentieux de l\u2019ONG Surfrider Foundation Europe en droit fran\u00e7ais \u00bb, <\/span><i style=\"font-size: 16px;\">Revue<\/i><span style=\"font-size: 16px;\"> <\/span><i style=\"font-size: 16px;\">juridique<\/i><i style=\"font-size: 16px;\"> de l\u2019environnement<\/i><span style=\"font-size: 16px;\">, Vol. 50, 2\/2025, pp. 307-314 (hal-05136515v1).<\/span><\/p>\n<p style=\"text-align: justify;\">Michel, M., Algave, B., Olmos, M., Torterotot, M., <strong>Virgili, A.,<\/strong> Martin-Marin, S., Royer, J-Y., &amp; Samaran, S. (2025). Modelling the Influence of Environmental Factors on the Acoustic Presence of Blue Whale Populations in the Southern Indian Ocean. Scientific Reports. <u><a href=\"https:\/\/doi.org\/10.1038\/s41598-025-02941-9\">https:\/\/doi.org\/10.1038\/s41598-025-02941-9<\/a><\/u>.<\/p>\n<p style=\"text-align: justify;\">Mollier, M., Derville, S., Maz\u00e9, C., <b>Virgili<\/b><b>, A<\/b>., Lerebourg, C., Prioul, F., Hamer, P., Hosken, M., McKechnie, S. &amp; Tixier, P. (2025). Both environmental conditions and fisher behaviour influence the occurrence of shark and odontocete depredation on the longline catch in New Caledonia. Fisheries Research, 285, 107378. <a href=\"https:\/\/doi.org\/10.1016\/j.fishres.2025.107378\">https:\/\/doi.org\/10.1016\/j.fishres.2025.107378.<\/a><\/p>\n<p style=\"text-align: justify;\">\u00a0<strong>2024<\/strong><\/p>\n<p style=\"text-align: justify;\">Pigeault, R., Authier, M., Ramirez-Martinez, N.C., <b>Virgili, A.,<\/b> Geelhoed, S.C.V., Haelters, J., Louzao, M., Saaveedra, C. &amp; Gilles, A. (2024). Assessing the reliability of species distribution models under changing environments: a case study on cetaceans in the North-East Atlantic. Global Ecology and Conservation, e03299. <a href=\"https:\/\/doi.org\/10.1016\/j.gecco.2024.e03299\">https:\/\/doi.org\/10.1016\/j.gecco.2024.e03299.<\/a><\/p>\n<p style=\"text-align: justify;\">Sol, M., Ollier, C., Boisseau, O., <b>Ridoux<\/b><b>, V., &amp; Virgili, A. <\/b>(2024). Temporal patterns in dolphin foraging activity in the Mediterranean Sea: insights from vocalisations recorded during the ACCOBAMS Survey Initiative. Frontiers in Marine Science, 11, 1378524. <a href=\"https:\/\/doi.org\/10.3389\/fmars.2024.1378524\">https:\/\/doi.org\/10.3389\/fmars.2024.1378524.<\/a><\/p>\n<p style=\"text-align: justify;\"><b>Virgili, A., <\/b>Ara\u00fajo, H., Astarloa Diaz, A., Dor\u00e9mus, G., Garc\u00eda-Bar\u00f3n, I., Eira, C., &#8230; &amp; <b>Ridoux<\/b><b>, V<\/b>. (2024). Seasonal distribution of cetaceans in the European Atlantic and Mediterranean waters. Frontiers in Marine Science, 11, 1319791. <a href=\"https:\/\/doi.org\/10.3389\/fmars.2024.1319791\">https:\/\/doi.org\/10.3389\/fmars.2024.1319791.<\/a><\/p>\n<p style=\"text-align: justify;\"><b>Virgili, A.,<\/b> Laran, S., Authier, M., Dor\u00e9mus, G., Van Canneyt, O., &amp; Spitz, J. (2024). Prospective modelling of operational offshore wind farms on the distribution of marine megafauna in the southern North Sea. Frontiers in Marine Science, 11, 1344013. <a href=\"https:\/\/doi.org\/10.3389\/fmars.2024.1344013\">https:\/\/doi.org\/10.3389\/fmars.2024.1344013.<\/a><\/p>\n<p style=\"text-align: justify;\"><strong>2023<\/strong><\/p>\n<p style=\"text-align: justify;\">Lerebourg, C., Boisseau, O., <b>Ridoux<\/b><b>, V., &amp; Virgili, A<\/b>. (2023). Summer distribution of the Mediterranean sperm whale: insights from the acoustic Accobams survey initiative. Frontiers in Marine Science, 10, 1229682. <a href=\"https:\/\/doi.org\/10.3389\/fmars.2023.1229682\">https:\/\/doi.org\/10.3389\/fmars.2023.1229682.<\/a><\/p>\n<div class=\"et-pb-draggable-spacing__bottom et-pb-draggable-spacing__tooltip\" style=\"text-align: justify;\"><\/div>\n<div class=\"et-pb-draggable-spacing et-pb-draggable-spacing__sizing et-pb-draggable-spacing__width et-pb-draggable-spacing__left et-pb-draggable-spacing--animated\" style=\"text-align: justify;\"><\/div>\n<div class=\"et-pb-draggable-spacing__left et-pb-draggable-spacing__tooltip\" style=\"text-align: justify;\"><\/div>\n<div class=\"et-pb-draggable-spacing et-pb-draggable-spacing__sizing et-pb-draggable-spacing__width et-pb-draggable-spacing__right et-pb-draggable-spacing--animated\" style=\"text-align: justify;\"><\/div>\n<div class=\"et-pb-draggable-spacing__right et-pb-draggable-spacing__tooltip\" style=\"text-align: justify;\"><\/div>\n<div class=\"et-pb-draggable-spacing et-pb-draggable-spacing--active et-pb-draggable-spacing__spacing et-pb-draggable-spacing__top et-pb-draggable-spacing__padding et-pb-draggable-spacing--animated\" style=\"text-align: justify;\"><\/div>\n<p>[\/et_pb_text][et_pb_image src=\u00a0\u00bbhttps:\/\/sharetheocean.earth\/wp-content\/uploads\/2025\/04\/4339-300&#215;227.jpg\u00a0\u00bb title_text=\u00a0\u00bbCovered opened book with pages fluttering, Hand Drawn Sketch Vec\u00a0\u00bb align=\u00a0\u00bbcenter\u00a0\u00bb _builder_version=\u00a0\u00bb4.23.4&Prime; _module_preset=\u00a0\u00bbdefault\u00a0\u00bb global_colors_info=\u00a0\u00bb{}\u00a0\u00bb][\/et_pb_image][\/et_pb_column][\/et_pb_row][\/et_pb_section]<\/p>\n","protected":false},"excerpt":{"rendered":"<p>Les publications2026 Virgili, A., Fournier, S., Le Ma\u00eetre, O., Pocheau, M., Ridoux, V., &amp; Ba\u00f1uls, R. (2026).\u00a0Assessing cetacean encounter risk in offshore racing.\u00a0Scientific Reports\u00a016, 3921. https:\/\/doi.org\/10.1038\/s41598-025-33896-6. Virgili, A., Houles, L., Dor\u00e9mus, G., Lambert, C., Laran, S., Spitz, J., &#8230; &amp; Ridoux, V. (2026). Cetaceans exhibit region-specific habitat preferences across tropical waters.\u00a0Global Ecology and Conservation, e04001. [&hellip;]<\/p>\n","protected":false},"author":1,"featured_media":0,"parent":0,"menu_order":0,"comment_status":"closed","ping_status":"closed","template":"","meta":{"_et_pb_use_builder":"on","_et_pb_old_content":"","_et_gb_content_width":"","footnotes":""},"class_list":["post-233","page","type-page","status-publish","hentry"],"_links":{"self":[{"href":"https:\/\/sharetheocean.earth\/index.php\/wp-json\/wp\/v2\/pages\/233","targetHints":{"allow":["GET"]}}],"collection":[{"href":"https:\/\/sharetheocean.earth\/index.php\/wp-json\/wp\/v2\/pages"}],"about":[{"href":"https:\/\/sharetheocean.earth\/index.php\/wp-json\/wp\/v2\/types\/page"}],"author":[{"embeddable":true,"href":"https:\/\/sharetheocean.earth\/index.php\/wp-json\/wp\/v2\/users\/1"}],"replies":[{"embeddable":true,"href":"https:\/\/sharetheocean.earth\/index.php\/wp-json\/wp\/v2\/comments?post=233"}],"version-history":[{"count":15,"href":"https:\/\/sharetheocean.earth\/index.php\/wp-json\/wp\/v2\/pages\/233\/revisions"}],"predecessor-version":[{"id":650,"href":"https:\/\/sharetheocean.earth\/index.php\/wp-json\/wp\/v2\/pages\/233\/revisions\/650"}],"wp:attachment":[{"href":"https:\/\/sharetheocean.earth\/index.php\/wp-json\/wp\/v2\/media?parent=233"}],"curies":[{"name":"wp","href":"https:\/\/api.w.org\/{rel}","templated":true}]}}